{"id":14124,"date":"2014-11-16T14:58:06","date_gmt":"2014-11-16T03:58:06","guid":{"rendered":"http:\/\/roberthood.net\/blog\/?page_id=14124"},"modified":"2018-03-26T10:26:49","modified_gmt":"2018-03-25T23:26:49","slug":"frankenstein-variants","status":"publish","type":"page","link":"https:\/\/roberthood.net\/blog\/index.php\/movielists\/frankenstein-variants\/","title":{"rendered":"Frankenstein Variants"},"content":{"rendered":"<h2><strong>Versions and Variants of Mary Shelley&#8217;s <em>Frankenstein<\/em> (Film and Other Media)<\/strong><\/h2>\n<h2><strong>Movies<\/strong><\/h2>\n<p><strong>Frankenstein<\/strong> (US-1910; silent [13.38 min.]; dir. <a href=\"http:\/\/www.imdb.com\/name\/nm0205986\/?ref_=tt_ov_dr\" target=\"_blank\" rel=\"noopener\">J. Searle Dawley<\/a>)<\/p>\n<p><span style=\"color: #993300;\"><strong><span style=\"color: #993300;\">Universal<\/span> <span style=\"color: #993300;\">Frankenstein Series<\/span><\/strong> (1931-1948)<\/span><\/p>\n<ul>\n<li><strong>Frankenstein<\/strong> (US-1931; dir. <a href=\"http:\/\/www.imdb.com\/name\/nm0001843\/?ref_=tt_ov_dr\" target=\"_blank\" rel=\"noopener\">James W<\/a><a href=\"http:\/\/www.imdb.com\/name\/nm0001843\/?ref_=tt_ov_dr\" target=\"_blank\" rel=\"noopener\">hale<\/a>)<\/li>\n<li><strong>Bride of Frankenstein<\/strong> (US-1935; dir. <a href=\"http:\/\/www.imdb.com\/name\/nm0001843\/?ref_=tt_ov_dr\" target=\"_blank\" rel=\"noopener\">James W<\/a><a href=\"http:\/\/www.imdb.com\/name\/nm0001843\/?ref_=tt_ov_dr\" target=\"_blank\" rel=\"noopener\">hale<\/a>)<\/li>\n<li><strong>Son of Frankenstein<\/strong> (US-1939; dir. <a href=\"http:\/\/www.imdb.com\/name\/nm0498174\/?ref_=tt_ov_dr\">Ro<\/a><a href=\"http:\/\/www.imdb.com\/name\/nm0498174\/?ref_=tt_ov_dr\" target=\"_blank\" rel=\"noopener\">wland V. Lee<\/a>)<\/li>\n<li><strong>The<\/strong> <strong>Ghost of Frankenstein<\/strong> (US-1942; dir. <a href=\"http:\/\/www.imdb.com\/name\/nm0448915\/?ref_=tt_ov_dr\" target=\"_blank\" rel=\"noopener\">Erle C. Ke<\/a><a href=\"http:\/\/www.imdb.com\/name\/nm0448915\/?ref_=tt_ov_dr\">nton<\/a>)<\/li>\n<li><strong>Frankenstein Meets the Wolf Man<\/strong> (US-1943; dir. <a href=\"http:\/\/www.imdb.com\/name\/nm0624756\/?ref_=tt_ov_dr\" target=\"_blank\" rel=\"noopener\">Roy Willi<\/a><a href=\"http:\/\/www.imdb.com\/name\/nm0624756\/?ref_=tt_ov_dr\" target=\"_blank\" rel=\"noopener\">am Neill<\/a>)<\/li>\n<li><strong>House of Frankenstein<\/strong> (US-1944; <span class=\"itemprop\"> dir. <\/span><a href=\"http:\/\/www.imdb.com\/name\/nm0448915\/?ref_=tt_ov_dr\" target=\"_blank\" rel=\"noopener\">Erle C. Ke<\/a><a href=\"http:\/\/www.imdb.com\/name\/nm0448915\/?ref_=tt_ov_dr\">nton<\/a>)<\/li>\n<li><strong>House of Dracula<\/strong> (US-1945; <span class=\"itemprop\"> dir. <\/span><a href=\"http:\/\/www.imdb.com\/name\/nm0448915\/?ref_=tt_ov_dr\" target=\"_blank\" rel=\"noopener\">Erle C. Ke<\/a><a href=\"http:\/\/www.imdb.com\/name\/nm0448915\/?ref_=tt_ov_dr\">nton<\/a>)<\/li>\n<li><strong>Abbot and Costello Meet Frankenstein<\/strong> [aka Bud Abbot Lou Costello Meet Frankenstein] (US-1948; dir. <a href=\"http:\/\/www.imdb.com\/name\/nm0059106\/?ref_=tt_ov_dr\" target=\"_blank\" rel=\"noopener\">Charles B<\/a><a href=\"http:\/\/www.imdb.com\/name\/nm0059106\/?ref_=tt_ov_dr\" target=\"_blank\" rel=\"noopener\">arton<\/a> (as Charles T. Barton)<\/li>\n<\/ul>\n<p><span style=\"color: #993300;\"><strong><span style=\"color: #993300;\">Hammer<\/span> <span style=\"color: #993300;\">Horror<\/span> <span style=\"color: #993300;\">Frankenstein<\/span> <\/strong><\/span><span style=\"color: #993300;\"><strong><span style=\"color: #993300;\">Series<\/span><\/strong><span style=\"color: #993300;\"> (<\/span>1957-1974)<span style=\"color: #000000;\">, featuring Peter Cushing as Victor Frankenstein<\/span><\/span><\/p>\n<ul>\n<li><strong>The Curse of Frankenstein<\/strong> (UK-1957; dir. <a href=\"http:\/\/www.imdb.com\/name\/nm0279807\/?ref_=tt_ov_dr\" target=\"_blank\" rel=\"noopener\">Terence Fisher<\/a>)<\/li>\n<li><strong>Revenge of Frankenstein<\/strong> (UK-1958; dir. <a href=\"http:\/\/www.imdb.com\/name\/nm0279807\/?ref_=tt_ov_dr\" target=\"_blank\" rel=\"noopener\">Terence Fisher<\/a>)<\/li>\n<li><strong>The Evil of Frankenstein<\/strong> (UK-1964; dir. <a href=\"http:\/\/www.imdb.com\/name\/nm0005711\/\">Freddie Francis<\/a>)<\/li>\n<li><strong>Frankenstein Created Woman<\/strong> (UK-1967; dir. <a href=\"http:\/\/www.imdb.com\/name\/nm0279807\/?ref_=tt_ov_dr\" target=\"_blank\" rel=\"noopener\">Terence Fisher<\/a>)<\/li>\n<li><strong>Frankenstein Must Be Destroyed<\/strong> (UK-1969; dir. <a href=\"http:\/\/www.imdb.com\/name\/nm0279807\/?ref_=tt_ov_dr\" target=\"_blank\" rel=\"noopener\">Terence Fisher<\/a>)<\/li>\n<li><strong>Frankenstein and the Monster From Hell<\/strong> (UK-1974; dir. <a href=\"http:\/\/www.imdb.com\/name\/nm0279807\/?ref_=tt_ov_dr\" target=\"_blank\" rel=\"noopener\">Terence Fisher<\/a>)<\/li>\n<\/ul>\n<p><strong>I Was a Teenage Frankenstein<\/strong> (US-1957; dir. <a href=\"http:\/\/www.imdb.com\/name\/nm0834744\/?ref_=tt_ov_dr\" target=\"_blank\" rel=\"noopener\">Herbert L. Strock<\/a>)<br \/>\n<strong>The Colossus of New York<\/strong> (US-1958; dir. <a href=\"http:\/\/www.imdb.com\/name\/nm0522123\/?ref_=tt_ov_dr\" target=\"_blank\" rel=\"noopener\">Eug\u00e8ne Louri\u00e9<\/a>)<br \/>\n<strong>Frankenstein 1970<\/strong> (US-1958; dir. <a href=\"http:\/\/www.imdb.com\/name\/nm0462322\/?ref_=tt_ov_dr\" target=\"_blank\" rel=\"noopener\">Howard W. Koch<\/a>)<strong><br \/>\nFrankenstein&#8217;s Daughter<\/strong> (US-1958; dir. <a href=\"http:\/\/www.imdb.com\/name\/nm0192157\/?ref_=tt_ov_dr\" target=\"_blank\" rel=\"noopener\">Richard E. Cunha<\/a>)<strong><br \/>\nFrankenstein Meets the Space Monster<\/strong> (US-1965; dir. <a href=\"http:\/\/www.imdb.com\/name\/nm0300759\/?ref_=tt_ov_dr\" target=\"_blank\" rel=\"noopener\">Robert Gaffney<\/a>)<strong><br \/>\nFurankenshutain tai chitei kaiju Baragon <\/strong>[trans. Frankenstein vs the Subterranean Monster Baragon] (1965; dir. Ishiro Honda) [aka Frankenstein Conquers the World (US, 1966)]<strong><br \/>\nFurankenshutain no kaiju-Sanda tai Gaira <\/strong>[trans. Frankenstein Monsters \u2013 Sanda vs Gaira] (1966; dir. Ishiro Honda) [aka War of the Gargantuas (US, 1970)]<strong><br \/>\nThe Horror of Frankenstein<\/strong> (UK-1970; dir. <a href=\"http:\/\/www.imdb.com\/name\/nm0762727\/?ref_=tt_ov_dr\" target=\"_blank\" rel=\"noopener\">Jimmy Sangster<\/a>)<br \/>\n<strong>Dracula vs Frankenstein<\/strong> (US-1971; dir. <a href=\"http:\/\/www.imdb.com\/name\/nm0011467\/?ref_=tt_ov_dr\" target=\"_blank\" rel=\"noopener\">Al Adamson<\/a>)<br \/>\n<strong>Lady Frankenstein<\/strong> [aka La figlia di Frankenstein] (Italy-1971; dir. <a href=\"http:\/\/www.imdb.com\/name\/nm0003203\/?ref_=tt_ov_dr\" target=\"_blank\" rel=\"noopener\">Mel Welles<\/a>, <a href=\"http:\/\/www.imdb.com\/name\/nm0527000\/?ref_=tt_ov_dr\" target=\"_blank\" rel=\"noopener\">Aureliano Luppi<\/a> (uncredited))<br \/>\n<strong>The Erotic Rites of Frankenstein<\/strong> [aka La maldici\u00f3n de Frankenstein] (Spain|France-1971; dir. <a href=\"http:\/\/www.imdb.com\/name\/nm0001238\/?ref_=tt_ov_dr\" target=\"_blank\" rel=\"noopener\">Jes\u00fas Franco<\/a>)<br \/>\n<strong>Dr\u00e1cula contra Frankenstein<\/strong> [aka Dracula: Prisoner of Frankenstein](Spain|France-1971; dir. <a href=\"http:\/\/www.imdb.com\/name\/nm0001238\/?ref_=tt_ov_dr\" target=\"_blank\" rel=\"noopener\">Jes\u00fas Franco<\/a>)<br \/>\n<strong>Frankenstein &#8217;80<\/strong> (Italy-1972; dir. <a href=\"http:\/\/www.imdb.com\/name\/nm0541490\/?ref_=tt_ov_dr\" target=\"_blank\" rel=\"noopener\">Mario Mancini<\/a>)<br \/>\n<strong>Dan Curtis&#8217; Frankenstein<\/strong> (US-1973; dir. <a href=\"http:\/\/www.imdb.com\/name\/nm0193303\" target=\"_blank\" rel=\"noopener\">Dan Curtis<\/a>)<br \/>\n<strong>Flesh for Frankenstein<\/strong> (US\/Italy\/France-1973; dir. <a href=\"http:\/\/www.imdb.com\/name\/nm0607407\/?ref_=tt_ov_dr\" target=\"_blank\" rel=\"noopener\">Paul Morrissey<\/a>, <a href=\"http:\/\/www.imdb.com\/name\/nm0546672\/?ref_=tt_ov_dr\" target=\"_blank\" rel=\"noopener\">Antonio Margheriti<\/a>)<br \/>\n<strong>Young Frankenstein<\/strong> (US-1974; dir. <a href=\"http:\/\/www.imdb.com\/name\/nm0000316\/?ref_=tt_ov_dr\" target=\"_blank\" rel=\"noopener\">Mel Brooks<\/a>)<br \/>\n<strong>Terror of Frankenstein<\/strong> (Sweden|Ireland-1977; dir. <a href=\"http:\/\/www.imdb.com\/name\/nm0283241\/?ref_=tt_ov_dr\" target=\"_blank\" rel=\"noopener\">Calvin Floyd<\/a>)<br \/>\n<strong>Frankenstein Island<\/strong> (US-1981; dir. <a href=\"http:\/\/www.imdb.com\/name\/nm0912876\/?ref_=tt_ov_dr\" target=\"_blank\" rel=\"noopener\">Jerry Warren<\/a>)<br \/>\n<strong>Frankenstein<\/strong> (UK|US-1984; TV movie; dir. <a href=\"http:\/\/www.imdb.com\/name\/nm0650240\/?ref_=tt_ov_dr\" target=\"_blank\" rel=\"noopener\">James Ormerod<\/a>)<br \/>\n<strong>Frankenstein 90<\/strong> (France-1984; dir. <a href=\"http:\/\/www.imdb.com\/name\/nm0422252\/?ref_=tt_ov_dr\" target=\"_blank\" rel=\"noopener\">Alain Jessua<\/a>)<br \/>\n<strong>Frankenweenie<\/strong> (US-1984; short [29 min.]; dir. <a href=\"http:\/\/www.imdb.com\/name\/nm0000318\/?ref_=tt_ov_dr\" target=\"_blank\" rel=\"noopener\">Tim Burton<\/a>)<br \/>\n<strong>The Bride<\/strong> (UK|US-1985; dir. <a href=\"http:\/\/www.imdb.com\/name\/nm0734466\/?ref_=tt_ov_dr\" target=\"_blank\" rel=\"noopener\">Franc Roddam<\/a>)<br \/>\n<strong>Deadly Friend<\/strong> (US-1986; dir. <a href=\"http:\/\/www.imdb.com\/name\/nm0000127\/?ref_=tt_ov_dr\" target=\"_blank\" rel=\"noopener\">Wes Craven<\/a>)<br \/>\n<strong>Gothic<\/strong> (UK-1986; dir. <a href=\"http:\/\/www.imdb.com\/name\/nm0001692\/?ref_=tt_ov_dr\" target=\"_blank\" rel=\"noopener\">Ken Russell<\/a>)<br \/>\n<strong>Frankenstein<\/strong> (US|Canada-1987; TV movie; dir. <a href=\"http:\/\/www.imdb.com\/name\/nm0109455\/?ref_=tt_ov_dr\" target=\"_blank\" rel=\"noopener\">Burt Brinckerhoff<\/a>)<br \/>\n<strong>The Monster Squad<\/strong> (US-1987; dir. <a href=\"http:\/\/www.imdb.com\/name\/nm0215269\/?ref_=tt_ov_dr\" target=\"_blank\" rel=\"noopener\">Fred Dekker<\/a>)<br \/>\n<strong>Frankenhooker<\/strong> (US-1990; dir. <a href=\"http:\/\/www.imdb.com\/name\/nm0376963\/?ref_=tt_ov_dr\" target=\"_blank\" rel=\"noopener\">Frank Henenlotter<\/a>)<br \/>\n<strong>Roger Corman&#8217;s Frankenstein Unbound<\/strong> (US-1990; dir. <a href=\"http:\/\/www.imdb.com\/name\/nm0000339\/?ref_=tt_ov_dr\" target=\"_blank\" rel=\"noopener\">Roger Corman<\/a>)<br \/>\n<strong>Frankenstein<\/strong> (UK-1992; TV movie; dir. <a href=\"http:\/\/www.imdb.com\/name\/nm0926892\/?ref_=tt_ov_dr\" target=\"_blank\" rel=\"noopener\">David Wickes<\/a>)<br \/>\n<strong>Mary Shelley&#8217;s Frankenstein<\/strong> [aka Frankenstein] (US\/Japan-1994; dir. <a href=\"http:\/\/www.imdb.com\/name\/nm0000110\/?ref_=tt_ov_dr\" target=\"_blank\" rel=\"noopener\">Kenneth Branagh<\/a>)<br \/>\n<strong>Frankenstein and Me<\/strong> (Canada-1996; dir. <a href=\"http:\/\/www.imdb.com\/name\/nm0864016\/?ref_=tt_ov_dr\" target=\"_blank\" rel=\"noopener\">Robert Tinnell<\/a>)<br \/>\n<strong>House of Frankenstein<\/strong> (US-1997; TV movie; dir. <a href=\"http:\/\/www.imdb.com\/name\/nm0921464\/?ref_=tt_ov_dr\" target=\"_blank\" rel=\"noopener\">Peter Werner<\/a>)<br \/>\n<strong>Frankenstein Reborn!<\/strong> (US-1998; dir. <a href=\"http:\/\/www.imdb.com\/name\/nm0213983\/?ref_=tt_ov_dr\" target=\"_blank\" rel=\"noopener\">David DeCoteau<\/a> (as Julian Breen))<br \/>\n<strong>Lust for Frankenstein<\/strong> (Spain|US-1998; dir. <a href=\"http:\/\/www.imdb.com\/name\/nm0001238\/?ref_=tt_ov_dr\" target=\"_blank\" rel=\"noopener\">Jes\u00fas Franco<\/a>)<br \/>\n<strong>Gods and Monsters<\/strong> (US|UK-1998; dir. <a href=\"http:\/\/www.imdb.com\/name\/nm0174374\/?ref_=tt_ov_dr\" target=\"_blank\" rel=\"noopener\">Bill Condon<\/a>)<br \/>\n<strong>Alvin and the Chipmunks Meet Frankenstein<\/strong> (US-1999; animation; dir. <a href=\"http:\/\/www.imdb.com\/name\/nm0145117\/?ref_=tt_ov_dr\" target=\"_blank\" rel=\"noopener\">Kathi Castillo<\/a>)<br \/>\n<strong>Mistress Frankenstein<\/strong> (US-2000; dir. <a href=\"http:\/\/www.imdb.com\/name\/nm0045256\/?ref_=tt_ov_dr\" target=\"_blank\" rel=\"noopener\">John Bacchus<\/a>)<br \/>\n<strong>Frankenstein<\/strong> (US-2004; dir. <a href=\"http:\/\/www.imdb.com\/name\/nm1197971\/?ref_=tt_ov_dr\" target=\"_blank\" rel=\"noopener\">Marcus Nispel<\/a>)<br \/>\n<strong>Van Helsing<\/strong> (US|Czech Republic-2004; dir. <a href=\"http:\/\/www.imdb.com\/name\/nm0814085\/?ref_=tt_ov_dr\" target=\"_blank\" rel=\"noopener\">Stephen Sommers<\/a>)<br \/>\n<strong>Frankenstein Reborn<\/strong> (US-2005; dir. <a href=\"http:\/\/www.imdb.com\/name\/nm0805635\/?ref_=tt_ov_dr\" target=\"_blank\" rel=\"noopener\">Leigh Scott<\/a>)<br \/>\n<strong>Frankenstein<\/strong> (US-2007; dir. <a href=\"http:\/\/www.imdb.com\/name\/nm0580519?ref_=tt_ov_dr\" target=\"_blank\" rel=\"noopener\">Jed Mercurio<\/a> )<br \/>\n<strong>Igor<\/strong> (US|France-2008; animation; dir. <a href=\"http:\/\/www.imdb.com\/name\/nm1902232\/?ref_=tt_ov_dr\" target=\"_blank\" rel=\"noopener\">Anthony Leondis<\/a>)<br \/>\n<strong>Vampire Girl vs. Frankenstein Girl<\/strong> [aka Ky\u00fbketsu Sh\u00f4jo tai Sh\u00f4jo Furanken] (Japan-2009; dir. <a href=\"http:\/\/www.imdb.com\/name\/nm1883583\/?ref_=tt_ov_dr\" target=\"_blank\" rel=\"noopener\">Yoshihiro Nishimura<\/a>, <a href=\"http:\/\/www.imdb.com\/name\/nm1381841\/?ref_=tt_ov_dr\" target=\"_blank\" rel=\"noopener\">Naoyuki Tomomatsu<\/a>)<br \/>\n<strong>Bikini Frankenstein<\/strong> (US-2010; dir. <a href=\"http:\/\/www.imdb.com\/name\/nm0676248\/?ref_=tt_ov_dr\" target=\"_blank\" rel=\"noopener\">Fred Olen Ray<\/a> (as Nicholas Medina))<br \/>\n<strong>Exquisite Corpse<\/strong> (US-2010; dir. <a href=\"http:\/\/www.imdb.com\/name\/nm1741500\/?ref_=tt_ov_dr\" target=\"_blank\" rel=\"noopener\">Scott David Russell<\/a>)<br \/>\n<strong>Frankenstein Rising<\/strong> (US-2010; dir. <a href=\"http:\/\/www.imdb.com\/name\/nm0842379\/?ref_=tt_ov_dr\" target=\"_blank\" rel=\"noopener\">Eric Swelstad<\/a>)<br \/>\n<strong>Frankenstein<\/strong> (US-2011; dir. <a href=\"http:\/\/www.imdb.com\/name\/nm5098134\/?ref_=tt_ov_dr\" target=\"_blank\" rel=\"noopener\">Jordan Salkil<\/a>)<br \/>\n<strong>Frankenstein: Day of the Beast<\/strong> (US-2011; dir. <a href=\"http:\/\/www.imdb.com\/name\/nm0411290?ref_=tt_ov_dr\" target=\"_blank\" rel=\"noopener\">Ricardo Islas<\/a>)<br \/>\n<strong>The Frankenstein Experiment<\/strong> [aka The Prometheus Project] (US-2010; dir. <a href=\"http:\/\/www.imdb.com\/name\/nm1995338?ref_=tt_ov_dr\" target=\"_blank\" rel=\"noopener\">Sean Tretta<\/a>)<br \/>\n<strong>Monster Brawl<\/strong> (Canada-2011; dir. <a href=\"http:\/\/www.imdb.com\/name\/nm2373713\/?ref_=tt_ov_dr\" target=\"_blank\" rel=\"noopener\">Jesse Thomas Cook<\/a>)<br \/>\n<strong>Frankenweenie<\/strong> (US-2012; animation; dir. <a href=\"http:\/\/www.imdb.com\/name\/nm0000318\/?ref_=tt_ov_dr\" target=\"_blank\" rel=\"noopener\">Tim Burton<\/a>)<br \/>\n<strong>Army of Frankensteins<\/strong> (US-2013; dir. <a href=\"http:\/\/www.imdb.com\/name\/nm3155454\/?ref_=tt_ov_dr\" target=\"_blank\" rel=\"noopener\">Ryan Bellgardt<\/a>)<br \/>\n<strong>Frankenstein&#8217;s Army<\/strong> (Netherlands|US|Czech Republic-2013; dir. <a href=\"http:\/\/www.imdb.com\/name\/nm0704675\/?ref_=tt_ov_dr\" target=\"_blank\" rel=\"noopener\">Richard Raaphorst<\/a>)<br \/>\n<strong>The Frankenstein Theory<\/strong> (US-2013; dir. <a href=\"http:\/\/www.imdb.com\/name\/nm0918199\/?ref_=tt_ov_dr\" target=\"_blank\" rel=\"noopener\">Andrew Weiner<\/a>)<br \/>\n<strong>Frankenstein&#8217;s Monster<\/strong> (US-2014; dir. <a href=\"http:\/\/www.imdb.com\/name\/nm5721509\/?ref_=tt_ov_dr\" target=\"_blank\" rel=\"noopener\">Syd Lance<\/a>)<br \/>\n<strong>Frankenstein vs the Mummy<\/strong> (US-2014; dir. <a href=\"http:\/\/www.imdb.com\/name\/nm2093171\/?ref_=tt_ov_dr\" target=\"_blank\" rel=\"noopener\">Damien Leone<\/a>)<br \/>\n<strong>I, Frankenstein<\/strong> (Australia\/US-2014; dir. <a href=\"http:\/\/www.imdb.com\/name\/nm0064181\/?ref_=tt_ov_dr\" target=\"_blank\" rel=\"noopener\">Stuart Beattie<\/a>)<br \/>\n<strong>Frankenstein<\/strong> (US\/Germany-2015; dir. <a href=\"http:\/\/www.imdb.com\/name\/nm0741262?ref_=tt_ov_dr\" target=\"_blank\" rel=\"noopener\">Bernard Rose<\/a>)<br \/>\n<strong>Victor Frankenstein<\/strong> (UK\/US\/Canada-2015; dir. <a href=\"http:\/\/www.imdb.com\/name\/nm0006476?ref_=tt_ov_dr\">Paul McG<\/a><a href=\"http:\/\/www.imdb.com\/name\/nm0006476?ref_=tt_ov_dr\" target=\"_blank\" rel=\"noopener\">uigan<\/a>)<br \/>\n<strong>Sharkenstein<\/strong> (US-2016; dir. <a href=\"http:\/\/www.imdb.com\/name\/nm0689789?ref_=tt_ov_dr\" target=\"_blank\" rel=\"noopener\">Mark Polonia<\/a>)<\/p>\n<h2><strong>Television Series\/Episodes<\/strong><strong><br \/>\n<\/strong><\/h2>\n<p><strong>The Munsters<\/strong> (US-1964\/1966; TV series [<time datetime=\"PT30M\">30 min<\/time> (70 episodes)]; dir. various) &#8211; <em>Herman Munster (Fred Gywnne) as the Universal version of the Creature<\/em><br \/>\n<strong>Frankenstein: The True Story<\/strong> (US-1973; mini-series [<time datetime=\"PT185M\">185 min.<\/time> <span class=\"ghost\">|<\/span> <time datetime=\"PT123M\">123 min.<\/time> (theatrical release)]; dir. <a href=\"http:\/\/www.imdb.com\/name\/nm0806915\/?ref_=tt_ov_dr\" target=\"_blank\" rel=\"noopener\">Jack Smight<\/a>)<br \/>\n<strong>&#8220;The Brain of Morbius&#8221;<\/strong> [Doctor Who: Season 13, Episodes 17-20] (UK-1976; dir. <a href=\"http:\/\/www.imdb.com\/name\/nm0057959\/?ref_=tt_ov_dr\" target=\"_blank\" rel=\"noopener\">Christopher Barry<\/a>)<br \/>\n<strong>&#8220;The Post-Modern Prometheus&#8221;<\/strong> [X-Files: Season 5, Episode 5] (US-1997; [46 min.]; dir. <a href=\"http:\/\/www.imdb.com\/name\/nm0004810\/\" target=\"_blank\" rel=\"noopener\">Chris Carter<\/a>)<br \/>\n<strong>Frankenstein<\/strong> (Slovakia|US|Germany-2004; TV mini-series [204 min. (169 on DVD)]; dir. <a href=\"http:\/\/www.imdb.com\/name\/nm0175430\/?ref_=ttfc_fc_dr1\" target=\"_blank\" rel=\"noopener\">Kevin Connor <\/a>)<br \/>\n<strong>Frankenstein<\/strong> (UK-2007; TV movie [<time datetime=\"PT168M\">168 min<\/time> (2 parts) <span class=\"ghost\">|<\/span> <time datetime=\"PT120M\">120 min.<\/time> (2 parts)]; dir. <a href=\"http:\/\/www.imdb.com\/name\/nm0580519\/?ref_=tt_ov_dr\" target=\"_blank\" rel=\"noopener\">Jed Mercurio<\/a>)<br \/>\n<strong>Frankenstein, MD<\/strong> (US-2014; TV series [24 episodes]; dir. <a href=\"http:\/\/www.imdb.com\/name\/nm2595974\/?ref_=ttfc_fc_dr1\" target=\"_blank\" rel=\"noopener\">Brett Register <\/a>)<br \/>\n<strong>Penny Dreadful<\/strong> (US\/Ireland\/UK-2014\u20132016; TV series [60 min.]; created by <a href=\"http:\/\/www.imdb.com\/name\/nm0517589\/?ref_=tt_ov_wr\" target=\"_blank\" rel=\"noopener\">John Logan<\/a>)<br \/>\n<strong>The Frankenstein Chronicles<\/strong> (US-2015- ; TV series [48 min. (6 episodes)]; dir. <a href=\"http:\/\/www.imdb.com\/name\/nm0743239\/?ref_=ttfc_fc_dr1\">Benjamin Ross<\/a>)<\/p>\n<h2><strong>Books<\/strong><\/h2>\n<p><strong>Frankenstein, or, The Modern Prometheus<\/strong>, Mary W. Shelley (1818, 1831)<strong><br \/>\nFrankenstein, or, The Modern Prometheus<\/strong>, Mary Wollstonecraft Shelley (1831), with illustrations by Bernie Wrightson (Marvel, 1983; reprinted Dark Horse, 2008)<strong><br \/>\nThe New Annotated Frankenstein, <\/strong>Mary Shelley<strong>, <\/strong><em>edited with a foreword and notes by Leslie S Klinger, an introduction by Guillermo del Toro and an afterword by Anne K. Mellor<\/em> (W.W. Horton &amp; Company, 2016)<strong><br \/>\nFrankenstein Unbound<\/strong>, Brian Aldiss (Jonathan Cape, 1973)<strong><br \/>\nThe Ultimate Frankenstein<\/strong> (edited by Byron Preiss), ibooks NY, 1991, 2003<br \/>\n<strong>The Mammoth Book of Frankenstein<\/strong> (edited by Stephen Jones), Robinson, 1994, 2015<\/p>\n<p><span style=\"color: #993300;\"><strong>Dean Koontz&#8217;s Frankenstein<\/strong><\/span> (HarperCollins, London)<\/p>\n<ul>\n<li>Book One: Prodigal Son (co-written with Kevin J. Anderson, 2004)<\/li>\n<li>Book Two: City of Night (co-written with Ed Gorman, 2005)<\/li>\n<li>Book Three: Dead and Alive (2009)<\/li>\n<li>Book Four: Lost Souls (2010)<\/li>\n<li>Book Five: The Dead Town (2011)<\/li>\n<\/ul>\n<p><strong>Born of the Sea<\/strong>, Victor Kelleher (Penguin Books, 2003)<br \/>\n<strong>Brittle Innings<\/strong>, Michael Bishop<br \/>\n<strong>The Cross of Frankenstein<\/strong>, Robert J. Myers (Lippincott, 1975)<br \/>\n\u2014 followed by<strong> The Slave of Frankenstein<\/strong>, Robert J. Myers (Lippincott, 1976)<br \/>\n<strong>Father of Frankenstein<\/strong>, Christopher Bram (filmed as <em>Gods and Monsters<\/em>)<br \/>\n<strong>Frankenstein in Baghdad<\/strong>, Ahmed Saadawi (Originally published in Arabic in 2013;\u00a0 trans. Jonathan Wright,\u00a0Oneworld Publications, 2018)<br \/>\n<strong>Friend<\/strong> [filmed as <em>Deadly Friend<\/em>], Diana Henstell (Bantam, 1985)<br \/>\n<strong>The Jigsaw Woman<\/strong>, Kim Antieau<br \/>\n<strong>The Frankenstein Diaries<\/strong>, <em>Translated from the Original German and Edited by the Rev. Hubert Venables<\/em>, Charles Herridge (Hutchinson, 1980)<br \/>\n<strong>The Frankenstein Omnibus<\/strong>, edited by Peter Haining (Orion, 1994)<br \/>\n<strong>The Mammoth Book of Frankenstein<\/strong>, edited by Stephen Jones (Robinson, 1994, new edition 2015)<br \/>\n<strong>The Memoirs of Elizabeth Frankenstein<\/strong>, Theodore Roszak (Random House, 1995)<br \/>\n<span style=\"color: #993300;\"><strong>The New Adventures of Frankenstein<\/strong><span style=\"color: #000000;\">,<\/span><\/span> Donald F. Glut (New English Library, London, UK, 1977) [re-printed in <em>The New Adventures of Frankenstein Collection<\/em>, Vol. 1 and 2 (Pulp 2.0 Press, 2014-2017)]<\/p>\n<ol>\n<li>Frankenstein Lives Again<\/li>\n<li>Terror of Frankenstein<\/li>\n<li>Bones of Frankenstein<\/li>\n<li>Frankenstein Meets Dracula<\/li>\n<li>Frankenstein vs. the Werewolf<\/li>\n<li>Frankenstein in the Lost World<\/li>\n<li>Frankenstein in the Mummy&#8217;s Tomb<\/li>\n<li>The Return of Frankenstein<\/li>\n<li>Frankenstein and the Curse of Dr. Jekyll<\/li>\n<li>Tales of Frankenstein<\/li>\n<li>Frankenstein and the Evil of Dracula<\/li>\n<li>Frankenstein: The Final Horror (new)<\/li>\n<\/ol>\n<p><span class=\"a-size-medium\"><strong>The Quest of Frankenstein<\/strong>, Frank Schildiner (Hollywood Comics, 2015)<br \/>\n<\/span><strong>The Slave of Frankenstein<\/strong>, Robert J. Myers<br \/>\n<strong>Summer of Monsters: The Scandalous Story of Mary Shelley<\/strong>, Tony Thompson (Black Dog Books, 2014)<\/p>\n<h2><strong>Comics \/ Graphic Novels<\/strong><\/h2>\n<p>See <strong>Frankenstein in popular culture<\/strong> on <a href=\"https:\/\/en.wikipedia.org\/wiki\/Frankenstein_in_popular_culture#Comics\" target=\"_blank\" rel=\"noopener\">Wikipedia<\/a><\/p>\n<p><strong>Showcase Presents: Phantom Stranger Vol. 2<\/strong> (DC; includes Frankenstein stories from <em>Phantom Stranger, Vol. 2)<\/em> #22-30.<br \/>\n<strong>Frankenstein: Agent of S.H.A.D.E. <\/strong>(DC, 2012; 2 vol.; inc. <em>Frankenstein: Agent of S.H.A.D.E.<\/em> #0-16)<br \/>\n<strong>Frankenstein Underground <\/strong>(Dark Horse Comics; contains <em>Frankenstein Underground<\/em> #1-5) <strong><br \/>\nThe Monster of Frankenstein<\/strong> (2015, Marvel; contains <em>Frankenstein<\/em> (1973) #1-18; <em>Giant-Size Werewolf By Night<\/em> #2; <em>Marvel Team-Up<\/em> (1972) #36-37; material from <em>Monsters Unleashed<\/em> #2, #4-10; <em>Legion of Monsters<\/em> (1975) #1)<br \/>\n<strong>Dean Koontz&#8217;s Frankenstein: Storm Surge, Vol. 1<\/strong>, written by Chuck Dixon and Rik Hoskin, art by Andres Ponce (Dynamite Entertainment, 2016)<\/p>\n<p><strong>Sources:<\/strong><\/p>\n<p><em>Frankenstein in Popular Culture<\/em>, <a href=\"https:\/\/en.wikipedia.org\/wiki\/Frankenstein_in_popular_culture\" target=\"_blank\" rel=\"noopener\">Wikipedia<br \/>\n<\/a><em>The Monster Show: A Cultural History of Horror<\/em>, David Skal<br \/>\nIMDb<\/p>\n","protected":false},"excerpt":{"rendered":"<p>Versions and Variants of Mary Shelley&#8217;s Frankenstein (Film and Other Media) Movies Frankenstein (US-1910; silent [13.38 min.]; dir. J. Searle Dawley) Universal Frankenstein Series (1931-1948) Frankenstein (US-1931; dir. James Whale) Bride of Frankenstein (US-1935; dir. James Whale) Son of Frankenstein &hellip; <a href=\"https:\/\/roberthood.net\/blog\/index.php\/movielists\/frankenstein-variants\/\">Continue reading <span class=\"meta-nav\">&rarr;<\/span><\/a><\/p>\n","protected":false},"author":1,"featured_media":0,"parent":9975,"menu_order":0,"comment_status":"open","ping_status":"open","template":"onecolumn-page.php","meta":[],"_links":{"self":[{"href":"https:\/\/roberthood.net\/blog\/index.php\/wp-json\/wp\/v2\/pages\/14124"}],"collection":[{"href":"https:\/\/roberthood.net\/blog\/index.php\/wp-json\/wp\/v2\/pages"}],"about":[{"href":"https:\/\/roberthood.net\/blog\/index.php\/wp-json\/wp\/v2\/types\/page"}],"author":[{"embeddable":true,"href":"https:\/\/roberthood.net\/blog\/index.php\/wp-json\/wp\/v2\/users\/1"}],"replies":[{"embeddable":true,"href":"https:\/\/roberthood.net\/blog\/index.php\/wp-json\/wp\/v2\/comments?post=14124"}],"version-history":[{"count":32,"href":"https:\/\/roberthood.net\/blog\/index.php\/wp-json\/wp\/v2\/pages\/14124\/revisions"}],"predecessor-version":[{"id":14645,"href":"https:\/\/roberthood.net\/blog\/index.php\/wp-json\/wp\/v2\/pages\/14124\/revisions\/14645"}],"up":[{"embeddable":true,"href":"https:\/\/roberthood.net\/blog\/index.php\/wp-json\/wp\/v2\/pages\/9975"}],"wp:attachment":[{"href":"https:\/\/roberthood.net\/blog\/index.php\/wp-json\/wp\/v2\/media?parent=14124"}],"curies":[{"name":"wp","href":"https:\/\/api.w.org\/{rel}","templated":true}]}}